{"id":1124,"date":"2023-04-30T17:21:55","date_gmt":"2023-04-30T14:21:55","guid":{"rendered":"https:\/\/joycetours.com\/%d8%b7%d8%b1%d8%a7%d8%a8%d8%b2%d9%88%d9%86\/"},"modified":"2023-07-07T16:18:45","modified_gmt":"2023-07-07T13:18:45","slug":"trabzon","status":"publish","type":"page","link":"https:\/\/joycetours.com\/en\/trabzon\/","title":{"rendered":"Trabzon"},"content":{"rendered":"<div class=\"\" style=\"\" >\n    \n    <section class=\"u-clearfix u-section-2\" id=\"sec-5967\">\n      <div class=\"u-clearfix u-sheet u-valign-middle-lg u-valign-middle-md u-valign-middle-sm u-valign-middle-xl u-sheet-1\">\n        <h2 class=\"u-custom-font u-font-ubuntu u-text u-text-default u-text-1\">Trabzon<\/h2>\n      <\/div>\n    <\/section>\n    <section class=\"u-clearfix u-grey-10 u-section-3\" id=\"sec-532e\">\n      <div class=\"u-clearfix u-sheet u-sheet-1\">\n        <div class=\"u-clearfix u-expanded-width u-gutter-18 u-layout-wrap u-layout-wrap-1\">\n          <div class=\"u-gutter-0 u-layout\">\n            <div class=\"u-layout-row\">\n              <div class=\"u-size-30 u-size-60-md\">\n                <div class=\"u-layout-row\">\n                  <div class=\"u-align-left u-container-style u-image u-image-round u-layout-cell u-left-cell u-radius-20 u-size-60 u-image-1\" src=\"\" data-image-width=\"1000\" data-image-height=\"667\" style=\"background-image: url(&quot;https:\/\/joycetours.com\/wp-content\/uploads\/2023\/07\/trabzonda-gezilecek-yerler-1.jpg&quot;);\">\n                    <div class=\"u-container-layout u-valign-middle u-container-layout-1\" src=\"\"><\/div>\n                  <\/div>\n                <\/div>\n              <\/div>\n              <div class=\"u-size-30 u-size-60-md\">\n                <div class=\"u-layout-col\">\n                  <div class=\"u-align-left u-container-style u-image u-image-round u-layout-cell u-radius-20 u-right-cell u-size-40 u-image-2\" data-image-width=\"1600\" data-image-height=\"1200\" style=\"background-image: url(&quot;https:\/\/joycetours.com\/wp-content\/uploads\/2023\/07\/sumela1.jpg&quot;);\">\n                    <div class=\"u-container-layout u-valign-middle u-container-layout-2\" src=\"\"><\/div>\n                  <\/div>\n                  <div class=\"u-container-style u-layout-cell u-right-cell u-size-20 u-white u-layout-cell-3\" src=\"\">\n                    <div class=\"u-container-layout u-valign-middle u-container-layout-3\">\n                      <h2 class=\"u-align-center u-custom-font u-font-ubuntu u-text u-text-default u-text-1\"> Trabzon Trip<\/h2>\n                      <p class=\"u-align-left u-custom-font u-font-ubuntu u-text u-text-2\">\n                        <span style=\"font-weight: 700;\"><\/span>\n                        <span style=\"font-weight: 700;\">Trabzon trip program (3) nights (4) days <br>\n                        <\/span>Trip program: <br>\n                        <br>\n                        <span style=\"font-weight: 700;\">Day 1:<\/span> Gathering in Istanbul at the specified centers, then going towards Trabzon, the bride of the north. We will go to the wonderful Sera Lake, have breakfast there, try the boats there, then tour the city center, then return to the hotel and receive the rooms. <br>\n                        <br>\n                        <span style=\"font-weight: 700;\">Day 2<\/span>\n                        <span style=\"font-weight: 700;\">:<\/span> Breakfast in the hotel, then go to the pearl of the Black Sea, Uzungol, passing through the tea factories, the horse farm, the artificial waterfalls and the glass view. You can also take memorial photos. On our way back, we will visit the ancient wooden bridges. <br>\n                        <br>\n                        <span style=\"font-weight: 700;\">Day 3<\/span>\n                        <span style=\"font-weight: 700;\">:<\/span> After eating breakfast, we will pack the luggage for the wonderful adventure trip that bears the title of Switzerland, Turkey, the Ayder region. On this trip, we will visit the wonderful Iskitoglu waterfalls and the Storm Valley, and experience the unparalleled rafting sport anywhere, giant swings and hanging ropes, and take our time in the Ayder heights and in On the way back, we will stop to take souvenir photos at the Ottoman stone bridges <br>\n                        <br>\n                        <span style=\"font-weight: 700;\">Day 4:<\/span> Breakfast at the hotel and packing the luggage, carrying the best memories from the bride of the north, Trabzon...But on the way back, we will visit the city of Ordu, the sea islands, the cable car, the city view, and then continue our way to Istanbul\n                      <\/p>\n                      <a href=\"http:\/\/wa.me\/+905415692390\" class=\"u-align-center-xs u-border-2 u-border-grey-75 u-btn u-btn-round u-button-style u-custom-font u-font-ubuntu u-hover-palette-1-dark-1 u-palette-1-base u-radius-16 u-btn-1\" extln_redirecting=\"true\"><span class=\"u-file-icon u-icon\"><img decoding=\"async\" src=\"https:\/\/joycetours.com\/wp-content\/uploads\/2023\/07\/5968841-6.png\" alt=\"\"><\/span>&nbsp;Book now\n                      <\/a>\n                    <\/div>\n                  <\/div>\n                <\/div>\n              <\/div>\n            <\/div>\n          <\/div>\n        <\/div>\n        <img decoding=\"async\" class=\"u-expanded-width u-image u-image-round u-radius-20 u-image-3\" src=\"https:\/\/joycetours.com\/wp-content\/uploads\/2023\/07\/rizeharikaresimleri16zij23.jpg\" alt=\"\" data-image-width=\"1200\" data-image-height=\"798\">\n      <\/div>\n    <\/section>\n    <section class=\"u-align-center u-clearfix u-grey-5 u-section-4\" id=\"sec-0bbf\">\n      <div class=\"u-clearfix u-sheet u-sheet-1\">\n        <p class=\"u-custom-font u-font-ubuntu u-large-text u-text u-text-palette-2-base u-text-variant u-text-1\"> Follow us on Social Media <br>\n        <\/p>\n        <div class=\"socialicons u-align-center-md u-align-center-sm u-align-center-xs u-social-icons u-spacing-0 u-social-icons-1\">\n          <a class=\"u-social-url\" title=\"facebook\" target=\"_blank\" href=\"http:\/\/facebook.com\/joycetourstr\"><span class=\"u-file-icon u-icon u-social-facebook u-social-icon u-icon-1\"><img decoding=\"async\" src=\"https:\/\/joycetours.com\/wp-content\/uploads\/2023\/07\/145802-7.png\" alt=\"\"><\/span>\n          <\/a>\n          <a class=\"u-social-url\" title=\"instagram\" target=\"_blank\" href=\"https:\/\/instagram.com\/joyce.tour\"><span class=\"u-file-icon u-icon u-social-icon u-social-instagram u-icon-2\"><img decoding=\"async\" src=\"https:\/\/joycetours.com\/wp-content\/uploads\/2023\/07\/3955024-1-7.png\" alt=\"\"><\/span>\n          <\/a>\n          <a class=\"u-social-url\" target=\"_blank\" data-type=\"Snapchat\" title=\"Snapchat\" href=\"https:\/\/t.snapchat.com\/zvx9dnji\"><span class=\"u-icon u-social-icon u-social-snapchat u-text-black u-icon-3\"><svg class=\"u-svg-link\" preserveAspectRatio=\"xMidYMin slice\" viewBox=\"0 0 112 112\" style=\"\"><use xlink:href=\"#svg-48b5\"><\/use><\/svg><svg xmlns=\"http:\/\/www.w3.org\/2000\/svg\" xmlns:xlink=\"http:\/\/www.w3.org\/1999\/xlink\" version=\"1.1\" xml:space=\"preserve\" class=\"u-svg-content\" viewBox=\"0 0 112 112\" x=\"0\" y=\"0\" id=\"svg-48b5\"><circle fill=\"#FFEB3B\" cx=\"56.5\" cy=\"56.1\" r=\"55\"><\/circle><path fill=\"#FFFFFF\" d=\"M92.5,71.8c-10.2-1.7-14.7-12.2-14.9-12.7c0,0,0-0.1,0-0.1c-0.5-1.1-0.6-1.9-0.4-2.6c0.6-1.3,2.7-2,4.1-2.4\n\tc0.4-0.1,0.8-0.3,1.1-0.4c1.4-0.6,2.4-1.2,3-1.8c0.8-0.8,0.9-1.6,0.9-2.1c0-1.2-1-2.3-2.4-2.9c-0.5-0.2-1.1-0.3-1.7-0.3\n\tc-0.4,0-1,0.1-1.5,0.3c-1.2,0.6-2.3,0.9-3.2,0.9c-0.5,0-0.8-0.1-1-0.2c0-0.5,0.1-1,0.1-1.5l0-0.2c0.3-5.2,0.7-11.7-1-15.5\n\tc-1.2-2.6-2.7-4.9-4.7-6.7c-1.6-1.5-3.5-2.8-5.6-3.7c-3.6-1.6-7-1.9-8.7-1.9h0c-0.1,0-0.1,0-0.2,0c-0.5,0-1.2,0-1.3,0\n\tc-1.7,0-5.1,0.2-8.7,1.9c-2.1,0.9-3.9,2.2-5.5,3.7c-1.9,1.8-3.5,4.1-4.6,6.7c-1.7,3.8-1.3,10.3-1,15.5v0c0,0.6,0.1,1.1,0.1,1.7\n\tc-0.2,0.1-0.7,0.2-1.2,0.2c-1,0-2.1-0.3-3.4-0.9c-0.4-0.2-0.8-0.3-1.3-0.3c-0.8,0-1.6,0.2-2.3,0.6c-0.9,0.5-1.5,1.3-1.6,2.1\n\tc-0.1,0.5-0.1,1.6,1.1,2.7c0.7,0.6,1.6,1.1,2.8,1.6c0.3,0.1,0.7,0.2,1.1,0.4c1.4,0.5,3.5,1.1,4.1,2.4c0.3,0.7,0.2,1.5-0.4,2.6\n\tc0,0,0,0.1,0,0.1c-0.1,0.3-1.3,3.1-3.8,6c-1.4,1.7-3,3-4.6,4.1c-2,1.3-4.2,2.2-6.5,2.5c-0.9,0.1-1.5,1-1.5,1.9\n\tc0,0.3,0.1,0.5,0.2,0.8v0c0.4,0.9,1.2,1.6,2.6,2.2c1.7,0.8,4.2,1.4,7.4,2c0.2,0.3,0.3,1.1,0.5,1.7c0.1,0.6,0.3,1.2,0.4,1.8\n\tc0.2,0.7,0.7,1.5,2,1.5c0.5,0,1.1-0.1,1.7-0.2c1-0.2,2.3-0.5,4-0.5c0.9,0,1.9,0.1,2.9,0.2c1.9,0.3,3.5,1.5,5.3,2.8\n\tc2.7,1.9,5.8,4.1,10.5,4.1c0.1,0,0.3,0,0.4,0c0.2,0,0.3,0,0.5,0c4.7,0,7.8-2.2,10.5-4.1l0,0c1.9-1.3,3.5-2.5,5.3-2.8\n\tc1-0.2,1.9-0.2,2.9-0.2c1.6,0,2.9,0.2,4,0.4c0.7,0.1,1.3,0.2,1.7,0.2h0h0c1,0,1.7-0.5,2-1.5c0.2-0.6,0.3-1.2,0.4-1.8\n\tc0.1-0.5,0.3-1.3,0.5-1.6c3.3-0.5,5.8-1.2,7.4-2c1.4-0.6,2.2-1.4,2.6-2.2c0.1-0.3,0.2-0.5,0.2-0.8C94,72.7,93.4,71.9,92.5,71.8z\"><\/path><path d=\"M56.5,92c-0.2,0-0.4,0-0.5,0c-0.1,0-0.3,0-0.4,0c-5.3,0-8.8-2.5-11.7-4.5c-1.7-1.2-3.1-2.2-4.5-2.4\n\tc-0.9-0.1-1.7-0.2-2.5-0.2c-1.5,0-2.6,0.2-3.6,0.4l-0.1,0c-0.7,0.1-1.4,0.3-2.1,0.3c-1.9,0-3.4-1.1-4-2.9c-0.2-0.7-0.3-1.4-0.5-1.9\n\tc0-0.1,0-0.2-0.1-0.3c-2.8-0.5-5.1-1.2-6.7-1.9c-1.8-0.9-3-1.9-3.6-3.3l-0.2-0.4c-0.1-0.3-0.2-0.7-0.2-1c-0.1-1.9,1.2-3.6,3.2-4\n\tc2-0.3,3.9-1.1,5.7-2.3c1.5-1,2.9-2.2,4.2-3.7c2.1-2.4,3.2-4.8,3.5-5.4l0.1-0.2c0.3-0.6,0.3-0.9,0.3-1c-0.3-0.5-2.2-1.1-2.8-1.3\n\tl-0.1,0c-0.4-0.1-0.8-0.3-1.1-0.4c-1.4-0.6-2.6-1.3-3.4-2c-1.4-1.3-2-2.9-1.7-4.5c0.3-1.4,1.2-2.6,2.6-3.4c1.7-1,3.8-1.2,5.4-0.5\n\tc0.7,0.3,1.2,0.5,1.7,0.6c-0.3-5.4-0.7-11.9,1.2-16.1c1.3-2.9,3-5.3,5.1-7.3c1.8-1.7,3.8-3.1,6.1-4.1c4-1.8,7.7-2,9.5-2l1.5,0\n\tc1.9,0,5.5,0.3,9.5,2c2.3,1,4.3,2.4,6.1,4.1c2.1,2,3.8,4.5,5.1,7.4c1.9,4.2,1.5,10.7,1.2,16c0.4-0.1,0.8-0.3,1.2-0.5\n\tc1.4-0.7,3.3-0.7,4.8,0c2.2,0.8,3.6,2.6,3.7,4.7c0,1.3-0.5,2.5-1.5,3.5c-0.9,0.9-2.1,1.6-3.7,2.3c-0.4,0.1-0.8,0.3-1.2,0.4\n\tc-0.6,0.2-2.6,0.8-2.9,1.3c0,0,0,0.3,0.3,0.8l0.1,0.2c0.1,0.2,4.3,10,13.4,11.5c1.9,0.3,3.3,2,3.2,4c0,0.5-0.1,1-0.4,1.5\n\tc-0.6,1.3-1.7,2.4-3.6,3.2c-1.6,0.8-3.8,1.4-6.7,1.9c0,0.1,0,0.2-0.1,0.3c-0.1,0.6-0.3,1.3-0.5,1.9c-0.5,1.8-2,2.9-3.9,2.9\n\tc-0.7,0-1.3-0.1-2.2-0.3c-1.2-0.2-2.3-0.4-3.6-0.4c-0.8,0-1.7,0.1-2.5,0.2c-1.4,0.2-2.7,1.1-4.3,2.3l-0.2,0.1\n\tC65.3,89.5,61.8,92,56.5,92z M55.9,88l0.1,0c0.1,0,0.3,0,0.4,0c3.9,0,6.6-1.8,9.1-3.6l0.2-0.2c2-1.4,3.8-2.7,6.2-3.1\n\tc1.1-0.2,2.1-0.3,3.2-0.3c1.8,0,3.1,0.2,4.4,0.5c0.6,0.1,1.1,0.2,1.4,0.2l0.2,0c0.1-0.6,0.2-1.1,0.4-1.7c0.2-1,0.4-1.7,0.6-2.1\n\tl0.5-0.9l1-0.2c3.1-0.5,5.4-1.1,6.9-1.8c1.1-0.5,1.4-0.9,1.5-1.1C81.1,71.7,76.2,61,75.8,60l0-0.1c-0.8-1.6-0.9-3-0.4-4.3\n\tc0.9-2.2,3.6-3,5.3-3.6c0.4-0.1,0.7-0.2,1-0.3c1.1-0.4,1.9-0.9,2.3-1.4c0.3-0.3,0.4-0.6,0.4-0.7c0-0.4-0.5-0.8-1.1-1\n\tc-0.6-0.3-1.3-0.2-1.7-0.1c-1.4,0.7-2.8,1-3.9,1.1l-0.1,0l-0.1,0c-0.7,0-1.2-0.2-1.8-0.4l-1.3-0.6l0.2-3.1\n\tc0.3-4.7,0.7-11.2-0.8-14.6c-1.1-2.4-2.5-4.4-4.2-6.1c-1.4-1.4-3.1-2.5-5-3.3c-3.3-1.5-6.3-1.7-7.9-1.7l-1.5,0\n\tc-1.5,0-4.6,0.2-7.9,1.7c-1.9,0.8-3.5,1.9-5,3.3c-1.7,1.7-3.1,3.7-4.2,6.1c-1.5,3.4-1.1,9.6-0.8,14.5l0.2,3.1l-1.3,0.6\n\tc-1.6,0.7-3.8,0.5-6.3-0.7c-0.3-0.2-1.1,0-1.7,0.3c-0.4,0.2-0.6,0.5-0.7,0.7c0,0.2,0.1,0.5,0.5,0.8c0.3,0.3,1,0.8,2.2,1.3\n\tc0.3,0.1,0.6,0.2,0.9,0.3l0.1,0c1.8,0.6,4.4,1.4,5.3,3.6c0.5,1.2,0.4,2.6-0.4,4.2l0,0.1c-0.3,0.8-1.6,3.5-4.1,6.5\n\tc-1.5,1.8-3.2,3.3-5,4.5c-2.2,1.4-4.5,2.4-7,2.8c0.1,0.2,0.5,0.6,1.6,1.1c1.5,0.7,3.9,1.3,6.9,1.8l1,0.2l0.5,0.9\n\tc0.3,0.5,0.4,1.2,0.6,2.1c0.1,0.6,0.2,1.1,0.4,1.7c0,0,0,0,0,0.1c0.2,0,0.8-0.1,1.4-0.2c1.1-0.2,2.6-0.5,4.4-0.5\n\tc1,0,2.1,0.1,3.2,0.3c2.3,0.4,4.2,1.7,6.2,3.1c2.6,1.8,5.3,3.8,9.3,3.8c0.1,0,0.2,0,0.2,0L55.9,88z\"><\/path><\/svg><\/span>\n          <\/a>\n          <a class=\"u-social-url\" target=\"_blank\" data-type=\"Custom\" title=\"Tiktok\" href=\"https:\/\/www.tiktok.com\/@joyce.tour\"><span class=\"u-file-icon u-icon u-social-custom u-social-icon u-icon-4\"><img decoding=\"async\" src=\"https:\/\/joycetours.com\/wp-content\/uploads\/2023\/07\/4782345-7.png\" alt=\"\"><\/span>\n          <\/a>\n        <\/div>\n      <\/div>\n    <\/section>\n    <section class=\"u-align-center u-clearfix u-grey-5 u-section-5\" id=\"sec-685a\">\n      <div class=\"u-clearfix u-sheet u-valign-middle-lg u-valign-middle-xl u-sheet-1\">\n        <div class=\"u-align-right u-container-style u-expanded-width-md u-expanded-width-sm u-expanded-width-xs u-group u-radius-50 u-shape-round u-white u-group-1\">\n          <div class=\"u-container-layout u-container-layout-1\">\n            <div class=\"u-align-left u-form u-form-1\">\n              <form action=\"https:\/\/forms.nicepagesrv.com\/v2\/form\/process\" class=\"u-clearfix u-form-spacing-13 u-form-vertical u-inner-form\" style=\"padding: 0px;\" source=\"email\" name=\"form-2\">\n                <div class=\"u-form-group u-form-name\">\n                  <label for=\"name-da97\" class=\"u-label\">Name<\/label>\n                  <input type=\"text\" placeholder=\"Name here\" id=\"name-da97\" name=\"name\" class=\"u-border-no-bottom u-border-no-left u-border-no-right u-border-no-top u-grey-5 u-input u-input-rectangle\" required=\"\">\n                <\/div>\n                <div class=\"u-form-group u-form-partition-factor-2 u-form-phone u-form-group-2\">\n                  <label for=\"phone-10f2\" class=\"u-label\">Phone<\/label>\n                  <input type=\"tel\" pattern=\"+?d{0,3}[s(-]?([0-9]{2,3})[s)-]?([s-]?)([0-9]{3})[s-]?([0-9]{2})[s-]?([0-9]{2})\" placeholder=\"Enter your phone (e.g. +14155552675)\" id=\"phone-10f2\" name=\"phone\" class=\"u-border-no-bottom u-border-no-left u-border-no-right u-border-no-top u-grey-5 u-input u-input-rectangle\" required=\"\">\n                <\/div>\n                <div class=\"u-form-email u-form-group u-form-partition-factor-2\">\n                  <label for=\"email-da97\" class=\"u-label\">Email<\/label>\n                  <input type=\"email\" placeholder=\"Enter a valid email address\" id=\"email-da97\" name=\"email\" class=\"u-border-no-bottom u-border-no-left u-border-no-right u-border-no-top u-grey-5 u-input u-input-rectangle\" required=\"\">\n                <\/div>\n                <div class=\"u-align-right u-form-group u-form-submit\">\n                  <a href=\"#\" class=\"u-active-palette-1-base u-border-none u-btn u-btn-round u-btn-submit u-button-style u-hover-black u-palette-2-base u-radius-50 u-btn-1\">send<\/a>\n                  <input type=\"submit\" value=\"submit\" class=\"u-form-control-hidden\">\n                <\/div>\n                <div class=\"u-form-send-message u-form-send-success\"> Thank you! Your message has been sent. <\/div>\n                <div class=\"u-form-send-error u-form-send-message\"> Unable to send your message. Please fix errors then try again. <\/div>\n                <input type=\"hidden\" value=\"\" name=\"recaptchaResponse\">\n                <input type=\"hidden\" name=\"formServices\" value=\"7b4234c6b8a709da7d67445be0860cfa\">\n              <\/form>\n            <\/div>\n            <p class=\"u-text u-text-grey-50 u-text-1\"> Fill the form and our team will reach you out<\/p>\n            <div class=\"u-social-icons u-spacing-20 u-social-icons-1\">\n              <a class=\"u-social-url\" target=\"_blank\" href=\"\"><span class=\"u-icon u-icon-circle u-social-facebook u-social-icon u-text-palette-2-base u-icon-1\">\n                    <svg class=\"u-svg-link\" preserveAspectRatio=\"xMidYMin slice\" viewBox=\"0 0 112 112\" style=\"\"><use xlink:href=\"#svg-d1fd\"><\/use><\/svg>\n                    <svg xmlns=\"http:\/\/www.w3.org\/2000\/svg\" xmlns:xlink=\"http:\/\/www.w3.org\/1999\/xlink\" version=\"1.1\" xml:space=\"preserve\" class=\"u-svg-content\" viewBox=\"0 0 112 112\" x=\"0px\" y=\"0px\" id=\"svg-d1fd\"><path d=\"M75.5,28.8H65.4c-1.5,0-4,0.9-4,4.3v9.4h13.9l-1.5,15.8H61.4v45.1H42.8V58.3h-8.8V42.4h8.8V32.2 c0-7.4,3.4-18.8,18.8-18.8h13.8v15.4H75.5z\"><\/path><\/svg>\n                  <\/span>\n              <\/a>\n              <a class=\"u-social-url\" target=\"_blank\" href=\"\"><span class=\"u-icon u-icon-circle u-social-icon u-social-twitter u-text-palette-2-base u-icon-2\">\n                    <svg class=\"u-svg-link\" preserveAspectRatio=\"xMidYMin slice\" viewBox=\"0 0 112 112\" style=\"\"><use xlink:href=\"#svg-c288\"><\/use><\/svg>\n                    <svg xmlns=\"http:\/\/www.w3.org\/2000\/svg\" xmlns:xlink=\"http:\/\/www.w3.org\/1999\/xlink\" version=\"1.1\" xml:space=\"preserve\" class=\"u-svg-content\" viewBox=\"0 0 112 112\" x=\"0px\" y=\"0px\" id=\"svg-c288\"><path d=\"M92.2,38.2c0,0.8,0,1.6,0,2.3c0,24.3-18.6,52.4-52.6,52.4c-10.6,0.1-20.2-2.9-28.5-8.2 c1.4,0.2,2.9,0.2,4.4,0.2c8.7,0,16.7-2.9,23-7.9c-8.1-0.2-14.9-5.5-17.3-12.8c1.1,0.2,2.4,0.2,3.4,0.2c1.6,0,3.3-0.2,4.8-0.7 c-8.4-1.6-14.9-9.2-14.9-18c0-0.2,0-0.2,0-0.2c2.5,1.4,5.4,2.2,8.4,2.3c-5-3.3-8.3-8.9-8.3-15.4c0-3.4,1-6.5,2.5-9.2 c9.1,11.1,22.7,18.5,38,19.2c-0.2-1.4-0.4-2.8-0.4-4.3c0.1-10,8.3-18.2,18.5-18.2c5.4,0,10.1,2.2,13.5,5.7c4.3-0.8,8.1-2.3,11.7-4.5 c-1.4,4.3-4.3,7.9-8.1,10.1c3.7-0.4,7.3-1.4,10.6-2.9C98.9,32.3,95.7,35.5,92.2,38.2z\"><\/path><\/svg>\n                  <\/span>\n              <\/a>\n              <a class=\"u-social-url\" target=\"_blank\" href=\"\"><span class=\"u-icon u-icon-circle u-social-icon u-social-instagram u-text-palette-2-base u-icon-3\">\n                    <svg class=\"u-svg-link\" preserveAspectRatio=\"xMidYMin slice\" viewBox=\"0 0 112 112\" style=\"\"><use xlink:href=\"#svg-6d36\"><\/use><\/svg>\n                    <svg xmlns=\"http:\/\/www.w3.org\/2000\/svg\" xmlns:xlink=\"http:\/\/www.w3.org\/1999\/xlink\" version=\"1.1\" xml:space=\"preserve\" class=\"u-svg-content\" viewBox=\"0 0 112 112\" x=\"0px\" y=\"0px\" id=\"svg-6d36\"><path d=\"M55.9,32.9c-12.8,0-23.2,10.4-23.2,23.2s10.4,23.2,23.2,23.2s23.2-10.4,23.2-23.2S68.7,32.9,55.9,32.9z M55.9,69.4c-7.4,0-13.3-6-13.3-13.3c-0.1-7.4,6-13.3,13.3-13.3s13.3,6,13.3,13.3C69.3,63.5,63.3,69.4,55.9,69.4z\"><\/path><path d=\"M79.7,26.8c-3,0-5.4,2.5-5.4,5.4s2.5,5.4,5.4,5.4c3,0,5.4-2.5,5.4-5.4S82.7,26.8,79.7,26.8z\"><\/path><path d=\"M78.2,11H33.5C21,11,10.8,21.3,10.8,33.7v44.7c0,12.6,10.2,22.8,22.7,22.8h44.7c12.6,0,22.7-10.2,22.7-22.7 V33.7C100.8,21.1,90.6,11,78.2,11z M91,78.4c0,7.1-5.8,12.8-12.8,12.8H33.5c-7.1,0-12.8-5.8-12.8-12.8V33.7 c0-7.1,5.8-12.8,12.8-12.8h44.7c7.1,0,12.8,5.8,12.8,12.8V78.4z\"><\/path><\/svg>\n                  <\/span>\n              <\/a>\n              <a class=\"u-social-url\" target=\"_blank\" href=\"\"><span class=\"u-icon u-icon-circle u-social-google u-social-icon u-text-palette-2-base u-icon-4\">\n                    <svg class=\"u-svg-link\" preserveAspectRatio=\"xMidYMin slice\" viewBox=\"0 0 112 112\" style=\"\"><use xlink:href=\"#svg-0e8e\"><\/use><\/svg>\n                    <svg xmlns=\"http:\/\/www.w3.org\/2000\/svg\" xmlns:xlink=\"http:\/\/www.w3.org\/1999\/xlink\" version=\"1.1\" xml:space=\"preserve\" class=\"u-svg-content\" viewBox=\"0 0 112 112\" x=\"0px\" y=\"0px\" id=\"svg-0e8e\"><path d=\"M62.2,81.6c-8.6,11.2-24.6,14.4-37.6,10C10.9,87,0.8,73.2,1,58.5c-0.8-18,15.2-34.6,33.1-34.9 c9.2-0.8,18.2,2.7,25,8.6c-2.9,3.1-5.7,6.2-8.9,9.2c-6.2-3.8-13.5-6.5-20.6-4C18.1,40.7,11,54.2,15.4,65.6 c3.5,11.8,17.8,18.3,29.2,13.2c5.8-2.1,9.7-7.4,11.3-13.2c-6.6-0.1-13.2,0-20.1-0.3c0-3.9,0-7.9,0-11.9c11.2,0,22.2,0,33.3,0 C69.9,63.4,68.3,73.9,62.2,81.6z M110.9,63.7c-3.4,0-6.6,0-10,0c0,3.4,0,6.6,0,10c-3.4,0-6.6,0-10,0c0-3.4,0-6.6,0-10 c-3.4,0-6.6,0-10,0c0-3.4,0-6.6,0-10c3.4,0,6.6,0,10,0c0-3.4,0-6.6,0.1-10c3.4,0,6.6,0,10,0c0,3.4,0,6.6,0,10c3.4,0,6.6,0,10,0 C110.9,56.9,110.9,60.3,110.9,63.7z\"><\/path><\/svg>\n                  <\/span>\n              <\/a>\n            <\/div>\n          <\/div>\n        <\/div>\n      <\/div>\n    <\/section>\n    <section class=\"u-align-center u-clearfix u-image u-shading u-section-6\" src=\"\" data-image-width=\"2144\" data-image-height=\"1507\" id=\"sec-7825\" style=\"background-image: linear-gradient(0deg, rgba(0, 0, 0, 0.5), rgba(0, 0, 0, 0.5)), url(&quot;https:\/\/joycetours.com\/wp-content\/uploads\/2023\/07\/maiden-tower-in-turkey-2021-08-26-17-20-03-utc-1-1.png&quot;);\">\n      <div class=\"u-clearfix u-sheet u-valign-middle u-sheet-1\">\n        <h2 class=\"u-custom-font u-text u-text-default u-text-1\"> Joycetours for \u200bTourism<\/h2>\n        <p class=\"u-text u-text-2\">\n          <a class=\"u-active-none u-border-none u-btn u-button-link u-button-style u-hover-none u-none u-text-palette-1-base u-btn-1\" href=\"https:\/\/goo.gl\/maps\/YKZrW2A1VcZrpKwU6\">Kocatepe Mah.\u015eeh\u0131t muhtar bey Cad, Tak-\u0131 Zafer Cd. Apt. no 8\/1, 34437 Taksim\/\u0130stanbul<\/a>\n        <\/p>\n        <p class=\"u-text u-text-3\">\n          <a class=\"phonenumber u-btn u-btn-round u-button-style u-hover-palette-1-dark-1 u-palette-1-base u-radius-24 u-btn-2\" href=\"https:\/\/wa.me\/+905415692390\"><span class=\"u-file-icon u-icon u-icon-1\"><img decoding=\"async\" src=\"https:\/\/joycetours.com\/wp-content\/uploads\/2023\/07\/733585-1-4.png\" alt=\"\"><\/span>&nbsp;+90 541 569 23 90\n          <\/a>\n        <\/p>\n        <p class=\"u-text u-text-4\">\n          <a class=\"u-active-none u-border-none u-btn u-button-link u-button-style u-hover-none u-none u-text-palette-1-base u-btn-3\" href=\"mailto:info@joycetours.com?subject=Hello\">info@\u200bjoycetours.com<\/a>\n        <\/p>\n      <\/div>\n    <\/section>\n    \n    \n    \n  \n<\/div>","protected":false},"excerpt":{"rendered":"<p>Trabzon Trabzon Trip Trabzon trip program (3) nights (4) days Trip program: Day 1: Gathering in Istanbul at the specified centers, then going towards Trabzon, the bride of the north. We will go to the wonderful Sera Lake, have breakfast there, try the boats there, then tour the city center, then return to the hotel [&hellip;]<\/p>\n","protected":false},"author":1,"featured_media":0,"parent":0,"menu_order":0,"comment_status":"closed","ping_status":"closed","template":"","meta":{"_joinchat":[],"footnotes":""},"class_list":["post-1124","page","type-page","status-publish","hentry"],"_links":{"self":[{"href":"https:\/\/joycetours.com\/en\/wp-json\/wp\/v2\/pages\/1124","targetHints":{"allow":["GET"]}}],"collection":[{"href":"https:\/\/joycetours.com\/en\/wp-json\/wp\/v2\/pages"}],"about":[{"href":"https:\/\/joycetours.com\/en\/wp-json\/wp\/v2\/types\/page"}],"author":[{"embeddable":true,"href":"https:\/\/joycetours.com\/en\/wp-json\/wp\/v2\/users\/1"}],"replies":[{"embeddable":true,"href":"https:\/\/joycetours.com\/en\/wp-json\/wp\/v2\/comments?post=1124"}],"version-history":[{"count":4,"href":"https:\/\/joycetours.com\/en\/wp-json\/wp\/v2\/pages\/1124\/revisions"}],"predecessor-version":[{"id":1296,"href":"https:\/\/joycetours.com\/en\/wp-json\/wp\/v2\/pages\/1124\/revisions\/1296"}],"wp:attachment":[{"href":"https:\/\/joycetours.com\/en\/wp-json\/wp\/v2\/media?parent=1124"}],"curies":[{"name":"wp","href":"https:\/\/api.w.org\/{rel}","templated":true}]}}